{"id":1875,"date":"2015-07-16T09:12:44","date_gmt":"2015-07-16T09:12:44","guid":{"rendered":"https:\/\/impactzert.eu\/?page_id=1875"},"modified":"2023-03-03T11:01:17","modified_gmt":"2023-03-03T11:01:17","slug":"impressum","status":"publish","type":"page","link":"https:\/\/impactzert.eu\/it\/impressum\/","title":{"rendered":"Impressum"},"content":{"rendered":"<div id='av_section_1'  class='avia-section main_color avia-section-default avia-no-border-styling  avia-full-stretch av-section-color-overlay-active avia-bg-style-scroll  avia-builder-el-0  el_before_av_section  avia-builder-el-first   av-minimum-height av-minimum-height-custom  container_wrap sidebar_right' style='background-repeat: no-repeat; background-image: url(https:\/\/impactzert.eu\/wp-content\/uploads\/2023\/03\/2019-Pag_0119-scaled.jpg);background-attachment: scroll; background-position: center center;  '  data-section-bg-repeat='stretch'><div class='av-section-color-overlay-wrap'><div class='av-section-color-overlay' style='opacity: 0.6; '><\/div><div class='container' style='height:230px'><main  role=\"main\" itemprop=\"mainContentOfPage\"  class='template-page content  av-content-small alpha units'><div class='post-entry post-entry-type-page post-entry-1875'><div class='entry-content-wrapper clearfix'>\n<div class=\"flex_column av_one_full  av-animated-generic left-to-right  flex_column_div av-zero-column-padding first  avia-builder-el-1  avia-builder-el-no-sibling  \" style='margin-top:0px; margin-bottom:0px; border-radius:0px; '><div  style='padding-bottom:0px; margin:0 0 0 0; color:#ffffff;font-size:4vw;' class='av-special-heading av-special-heading-h2 custom-color-heading blockquote modern-quote modern-centered  avia-builder-el-2  avia-builder-el-no-sibling  av-inherit-size '><h2 class='av-special-heading-tag '  itemprop=\"headline\"  >Impressum<\/h2><div class='special-heading-border'><div class='special-heading-inner-border' style='border-color:#ffffff'><\/div><\/div><\/div><\/div>\n\n<\/div><\/div><\/main><!-- close content main element --><\/div><\/div><\/div><div id='av_section_2'  class='avia-section main_color avia-section-default avia-no-border-styling  avia-bg-style-scroll  avia-builder-el-3  el_after_av_section  el_before_av_section   container_wrap sidebar_right' style=' '  ><div class='container' ><div class='template-page content  av-content-small alpha units'><div class='post-entry post-entry-type-page post-entry-1875'><div class='entry-content-wrapper clearfix'>\n<section class=\"av_textblock_section \"  itemscope=\"itemscope\" itemtype=\"https:\/\/schema.org\/CreativeWork\" ><div class='avia_textblock  '   itemprop=\"text\" ><section class=\"av_textblock_section av-klto708s-05cc5cd741e6de5a828f2b78bd92552b\">\n<div class=\"avia_textblock\">\n<h2><strong>ImpactZert<br \/>\n<\/strong><\/h2>\n<p>ImpactZert \u2013 Associazione per la promozione della cultura economica per il bene comune<br \/>\nZVR: 1410332763<\/p>\n<p><strong>Amministratori:<\/strong><br \/>\nDr. Angela Drosg-Pl\u00f6ckinger<br \/>\narch. dott Bernhard Oberrauch<br \/>\nDr. Manfred Kofranek<\/p>\n<\/div>\n<p><strong>Contatto:<\/strong><br \/>\ninfo(at)impactzert.eu<\/p>\n<p><strong>Telefono per l&#8217;italia:<\/strong><br \/>\n+39 329 0514476,<\/p>\n<div class=\"avia_textblock\"><\/div>\n<\/section>\n<section class=\"av_textblock_section av-klto708s-05cc5cd741e6de5a828f2b78bd92552b\">\n<div class=\"avia_textblock\">\n<p><strong>Indirizzo postale:<\/strong><br \/>\n1140 Wien, Windschutzstra\u00dfe 11<\/p>\n<p><a href=\"https:\/\/impactzert.eu\/datenschutz\/\">Datenschutz<\/a><\/p>\n<\/div>\n<\/section>\n<\/div><\/section>\n<\/div><\/div><\/div><!-- close content main div --><\/div><\/div><div id='av_section_3'  class='avia-section main_color avia-section-default avia-no-border-styling  avia-bg-style-scroll  avia-builder-el-5  el_after_av_section  el_before_av_section   container_wrap sidebar_right' style=' '  ><div class='container' ><div class='template-page content  av-content-small alpha units'><div class='post-entry post-entry-type-page post-entry-1875'><div class='entry-content-wrapper clearfix'>\n<section class=\"av_textblock_section \"  itemscope=\"itemscope\" itemtype=\"https:\/\/schema.org\/CreativeWork\" ><div class='avia_textblock  '   itemprop=\"text\" ><h2>Condizioni d&#8217;uso<\/h2>\n<p><strong>Copyright e responsabilit\u00e0<br \/>\n<\/strong><\/p>\n<p>I contenuti del sito web di ImpactZert sono stati creati con la massima cura. Tuttavia, non possiamo garantire la correttezza, la completezza e l&#8217;aggiornamento dei contenuti. ImpactZert si impegna a rispettare i diritti d&#8217;autore di altri o a utilizzare opere proprie o di pubblico dominio. I contenuti e le opere presenti sul sito creati dagli operatori del sito sono soggetti a copyright. I contributi di terzi sono contrassegnati come tali. La riproduzione, la modifica, la distribuzione e qualsiasi tipo di sfruttamento al di fuori dei limiti della legge sul copyright richiedono il consenso scritto del rispettivo autore o creatore. Download e copie di questo sito sono consentiti solo per uso privato e non commerciale.<br \/>\nCrediti fotografici, se non diversamente specificato: www.pexels.com, www.pixabay.com, www.adobe.com, ImpactZert<\/p>\n<p><strong>Utilizzo del sito web<\/strong><\/p>\n<p>L&#8217;uso di questo sito web \u00e8 a rischio e pericolo dell&#8217;utente. Non ci assumiamo alcuna garanzia per i contributi, le offerte, i servizi e le prestazioni pubblicati per quanto riguarda la correttezza, la completezza e la funzionalit\u00e0. La garanzia \u00e8 regolata dalle disposizioni di legge.<\/p>\n<p>\u00c8 esclusa qualsiasi responsabilit\u00e0 per danni derivanti direttamente o indirettamente dall&#8217;utilizzo di questo sito web. Questo sito web e i relativi servizi sono gestiti con la massima cura. Per motivi tecnici, tuttavia, non \u00e8 possibile che questi servizi siano accessibili senza interruzioni, che sia sempre possibile stabilire le connessioni desiderate o che i dati memorizzati siano conservati in ogni circostanza. Non \u00e8 pertanto possibile garantire una disponibilit\u00e0 costante. La connettivit\u00e0 con altri operatori di rete viene fornita nella misura del possibile.<\/p>\n<p>Si esclude qualsiasi responsabilit\u00e0 per problemi che hanno la loro causa nelle reti di terzi. L&#8217;utilizzo di altre reti \u00e8 soggetto alle condizioni di utilizzo dei rispettivi operatori.<\/p>\n<p><strong>Link Policy<\/strong><\/p>\n<p>La nostra offerta contiene link a siti web esterni. Non ci assumiamo alcuna responsabilit\u00e0 o garanzia per il contenuto, la funzionalit\u00e0 e la disponibilit\u00e0 dei siti web collegati. Il rispettivo fornitore o gestore del sito \u00e8 sempre responsabile del contenuto dei siti collegati.<\/p>\n<\/div><\/section>\n<\/div><\/div><\/div><!-- close content main div --><\/div><\/div><div id='av_section_4'  class='avia-section main_color avia-section-default avia-no-border-styling  avia-bg-style-scroll  avia-builder-el-7  el_after_av_section  avia-builder-el-last   container_wrap sidebar_right' style=' '  ><div class='container' ><div class='template-page content  av-content-small alpha units'><div class='post-entry post-entry-type-page post-entry-1875'><div class='entry-content-wrapper clearfix'>\n<section class=\"av_textblock_section \"  itemscope=\"itemscope\" itemtype=\"https:\/\/schema.org\/CreativeWork\" ><div class='avia_textblock  '   itemprop=\"text\" ><h2>Divulgazione secondo la legge sui media<\/h2>\n<p>Questo sito web e gli eventuali sottodomini forniscono ampie informazioni sui nostri prodotti e servizi, il cui contenuto rientra nell&#8217;area della sostenibilit\u00e0 e dell&#8217;economia.<\/p>\n<\/div><\/section>\n<\/div><\/div><\/div><!-- close content main div --><\/div><\/div><div id='after_section_4'  class='main_color av_default_container_wrap container_wrap sidebar_right' style=' '  ><div class='container' ><div class='template-page content  av-content-small alpha units'><div class='post-entry post-entry-type-page post-entry-1875'><div class='entry-content-wrapper clearfix'><\/p>\n","protected":false},"excerpt":{"rendered":"","protected":false},"author":1,"featured_media":0,"parent":0,"menu_order":0,"comment_status":"open","ping_status":"open","template":"","meta":{"footnotes":""},"class_list":["post-1875","page","type-page","status-publish","hentry"],"yoast_head":"<!-- This site is optimized with the Yoast SEO plugin v27.4 - https:\/\/yoast.com\/product\/yoast-seo-wordpress\/ -->\n<title>Impressum - ImpactZert<\/title>\n<meta name=\"description\" content=\"ImpactZert ist das Kompetenzzentrum f\u00fcr gepr\u00fcfte Nachhaltigkeit. Wir begleiten Unternehmen in eine nachhaltige Zukunft.\" \/>\n<meta name=\"robots\" content=\"index, follow, max-snippet:-1, max-image-preview:large, max-video-preview:-1\" \/>\n<link rel=\"canonical\" href=\"https:\/\/impactzert.eu\/it\/impressum\/\" \/>\n<meta property=\"og:locale\" content=\"it_IT\" \/>\n<meta property=\"og:type\" content=\"article\" \/>\n<meta property=\"og:title\" content=\"Impressum - ImpactZert\" \/>\n<meta property=\"og:description\" content=\"ImpactZert ist das Kompetenzzentrum f\u00fcr gepr\u00fcfte Nachhaltigkeit. Wir begleiten Unternehmen in eine nachhaltige Zukunft.\" \/>\n<meta property=\"og:url\" content=\"https:\/\/impactzert.eu\/it\/impressum\/\" \/>\n<meta property=\"og:site_name\" content=\"ImpactZert\" \/>\n<meta property=\"article:modified_time\" content=\"2023-03-03T11:01:17+00:00\" \/>\n<meta name=\"twitter:card\" content=\"summary_large_image\" \/>\n<meta name=\"twitter:label1\" content=\"Tempo di lettura stimato\" \/>\n\t<meta name=\"twitter:data1\" content=\"4 minuti\" \/>\n<script type=\"application\/ld+json\" class=\"yoast-schema-graph\">{\"@context\":\"https:\\\/\\\/schema.org\",\"@graph\":[{\"@type\":\"WebPage\",\"@id\":\"https:\\\/\\\/impactzert.eu\\\/it\\\/impressum\\\/\",\"url\":\"https:\\\/\\\/impactzert.eu\\\/it\\\/impressum\\\/\",\"name\":\"Impressum - ImpactZert\",\"isPartOf\":{\"@id\":\"https:\\\/\\\/impactzert.eu\\\/#website\"},\"datePublished\":\"2015-07-16T09:12:44+00:00\",\"dateModified\":\"2023-03-03T11:01:17+00:00\",\"description\":\"ImpactZert ist das Kompetenzzentrum f\u00fcr gepr\u00fcfte Nachhaltigkeit. Wir begleiten Unternehmen in eine nachhaltige Zukunft.\",\"breadcrumb\":{\"@id\":\"https:\\\/\\\/impactzert.eu\\\/it\\\/impressum\\\/#breadcrumb\"},\"inLanguage\":\"it-IT\",\"potentialAction\":[{\"@type\":\"ReadAction\",\"target\":[\"https:\\\/\\\/impactzert.eu\\\/it\\\/impressum\\\/\"]}]},{\"@type\":\"BreadcrumbList\",\"@id\":\"https:\\\/\\\/impactzert.eu\\\/it\\\/impressum\\\/#breadcrumb\",\"itemListElement\":[{\"@type\":\"ListItem\",\"position\":1,\"name\":\"Startseite\",\"item\":\"https:\\\/\\\/impactzert.eu\\\/it\\\/impactzert-2\\\/\"},{\"@type\":\"ListItem\",\"position\":2,\"name\":\"Impressum\"}]},{\"@type\":\"WebSite\",\"@id\":\"https:\\\/\\\/impactzert.eu\\\/#website\",\"url\":\"https:\\\/\\\/impactzert.eu\\\/\",\"name\":\"ImpactZert\",\"description\":\"gepr\u00fcft nachhaltig\",\"potentialAction\":[{\"@type\":\"SearchAction\",\"target\":{\"@type\":\"EntryPoint\",\"urlTemplate\":\"https:\\\/\\\/impactzert.eu\\\/?s={search_term_string}\"},\"query-input\":{\"@type\":\"PropertyValueSpecification\",\"valueRequired\":true,\"valueName\":\"search_term_string\"}}],\"inLanguage\":\"it-IT\"}]}<\/script>\n<!-- \/ Yoast SEO plugin. -->","yoast_head_json":{"title":"Impressum - ImpactZert","description":"ImpactZert ist das Kompetenzzentrum f\u00fcr gepr\u00fcfte Nachhaltigkeit. Wir begleiten Unternehmen in eine nachhaltige Zukunft.","robots":{"index":"index","follow":"follow","max-snippet":"max-snippet:-1","max-image-preview":"max-image-preview:large","max-video-preview":"max-video-preview:-1"},"canonical":"https:\/\/impactzert.eu\/it\/impressum\/","og_locale":"it_IT","og_type":"article","og_title":"Impressum - ImpactZert","og_description":"ImpactZert ist das Kompetenzzentrum f\u00fcr gepr\u00fcfte Nachhaltigkeit. Wir begleiten Unternehmen in eine nachhaltige Zukunft.","og_url":"https:\/\/impactzert.eu\/it\/impressum\/","og_site_name":"ImpactZert","article_modified_time":"2023-03-03T11:01:17+00:00","twitter_card":"summary_large_image","twitter_misc":{"Tempo di lettura stimato":"4 minuti"},"schema":{"@context":"https:\/\/schema.org","@graph":[{"@type":"WebPage","@id":"https:\/\/impactzert.eu\/it\/impressum\/","url":"https:\/\/impactzert.eu\/it\/impressum\/","name":"Impressum - ImpactZert","isPartOf":{"@id":"https:\/\/impactzert.eu\/#website"},"datePublished":"2015-07-16T09:12:44+00:00","dateModified":"2023-03-03T11:01:17+00:00","description":"ImpactZert ist das Kompetenzzentrum f\u00fcr gepr\u00fcfte Nachhaltigkeit. Wir begleiten Unternehmen in eine nachhaltige Zukunft.","breadcrumb":{"@id":"https:\/\/impactzert.eu\/it\/impressum\/#breadcrumb"},"inLanguage":"it-IT","potentialAction":[{"@type":"ReadAction","target":["https:\/\/impactzert.eu\/it\/impressum\/"]}]},{"@type":"BreadcrumbList","@id":"https:\/\/impactzert.eu\/it\/impressum\/#breadcrumb","itemListElement":[{"@type":"ListItem","position":1,"name":"Startseite","item":"https:\/\/impactzert.eu\/it\/impactzert-2\/"},{"@type":"ListItem","position":2,"name":"Impressum"}]},{"@type":"WebSite","@id":"https:\/\/impactzert.eu\/#website","url":"https:\/\/impactzert.eu\/","name":"ImpactZert","description":"gepr\u00fcft nachhaltig","potentialAction":[{"@type":"SearchAction","target":{"@type":"EntryPoint","urlTemplate":"https:\/\/impactzert.eu\/?s={search_term_string}"},"query-input":{"@type":"PropertyValueSpecification","valueRequired":true,"valueName":"search_term_string"}}],"inLanguage":"it-IT"}]}},"_links":{"self":[{"href":"https:\/\/impactzert.eu\/it\/wp-json\/wp\/v2\/pages\/1875","targetHints":{"allow":["GET"]}}],"collection":[{"href":"https:\/\/impactzert.eu\/it\/wp-json\/wp\/v2\/pages"}],"about":[{"href":"https:\/\/impactzert.eu\/it\/wp-json\/wp\/v2\/types\/page"}],"author":[{"embeddable":true,"href":"https:\/\/impactzert.eu\/it\/wp-json\/wp\/v2\/users\/1"}],"replies":[{"embeddable":true,"href":"https:\/\/impactzert.eu\/it\/wp-json\/wp\/v2\/comments?post=1875"}],"version-history":[{"count":3,"href":"https:\/\/impactzert.eu\/it\/wp-json\/wp\/v2\/pages\/1875\/revisions"}],"predecessor-version":[{"id":1879,"href":"https:\/\/impactzert.eu\/it\/wp-json\/wp\/v2\/pages\/1875\/revisions\/1879"}],"wp:attachment":[{"href":"https:\/\/impactzert.eu\/it\/wp-json\/wp\/v2\/media?parent=1875"}],"curies":[{"name":"wp","href":"https:\/\/api.w.org\/{rel}","templated":true}]}}